{"id":84,"date":"2023-03-20T10:41:57","date_gmt":"2023-03-20T10:41:57","guid":{"rendered":"https:\/\/stancerajnewcompany.com\/?page_id=84"},"modified":"2023-03-21T08:21:07","modified_gmt":"2023-03-21T08:21:07","slug":"mailboxes","status":"publish","type":"page","link":"https:\/\/stancerajnewcompany.com\/bs\/industrial-solutions\/mailboxes\/","title":{"rendered":"Po\u0161tanski sandu\u010di\u0107i"},"content":{"rendered":"\t\t<div data-elementor-type=\"wp-page\" data-elementor-id=\"84\" class=\"elementor elementor-84\">\n\t\t\t\t<div class=\"elementor-element elementor-element-2468a665 e-flex e-con-boxed e-con e-parent\" data-id=\"2468a665\" data-element_type=\"container\">\n\t\t\t\t\t<div class=\"e-con-inner\">\n\t\t\t\t<div class=\"elementor-element elementor-element-26acace6 elementor-arrows-position-outside elementor-widget__width-inherit elementor-pagination-position-outside elementor-widget elementor-widget-image-carousel\" data-id=\"26acace6\" data-element_type=\"widget\" data-settings=\"{&quot;slides_to_show&quot;:&quot;1&quot;,&quot;autoplay&quot;:&quot;no&quot;,&quot;navigation&quot;:&quot;both&quot;,&quot;infinite&quot;:&quot;yes&quot;,&quot;effect&quot;:&quot;slide&quot;,&quot;speed&quot;:500}\" data-widget_type=\"image-carousel.default\">\n\t\t\t\t<div class=\"elementor-widget-container\">\n\t\t\t<style>\/*! elementor - v3.22.0 - 26-06-2024 *\/\n.elementor-widget-image-carousel .swiper,.elementor-widget-image-carousel .swiper-container{position:static}.elementor-widget-image-carousel .swiper-container .swiper-slide figure,.elementor-widget-image-carousel .swiper .swiper-slide figure{line-height:inherit}.elementor-widget-image-carousel .swiper-slide{text-align:center}.elementor-image-carousel-wrapper:not(.swiper-container-initialized):not(.swiper-initialized) .swiper-slide{max-width:calc(100% \/ var(--e-image-carousel-slides-to-show, 3))}<\/style>\t\t<div class=\"elementor-image-carousel-wrapper swiper\" dir=\"ltr\">\n\t\t\t<div class=\"elementor-image-carousel swiper-wrapper\" aria-live=\"polite\">\n\t\t\t\t\t\t\t\t<div class=\"swiper-slide\" role=\"group\" aria-roledescription=\"slide\" aria-label=\"1 of 10\"><a data-elementor-open-lightbox=\"yes\" data-elementor-lightbox-slideshow=\"26acace6\" data-elementor-lightbox-title=\"Mailbox - RAL 7016\" data-e-action-hash=\"#elementor-action%3Aaction%3Dlightbox%26settings%3DeyJpZCI6NDQyLCJ1cmwiOiJodHRwczpcL1wvc3RhbmNlcmFqbmV3Y29tcGFueS5jb21cL3dwLWNvbnRlbnRcL3VwbG9hZHNcLzIwMjNcLzAzXC9NYWlsYm94ZXMtMS5qcGciLCJzbGlkZXNob3ciOiIyNmFjYWNlNiJ9\" href=\"https:\/\/stancerajnewcompany.com\/wp-content\/uploads\/2023\/03\/Mailboxes-1.jpg\"><figure class=\"swiper-slide-inner\"><img decoding=\"async\" class=\"swiper-slide-image\" src=\"https:\/\/stancerajnewcompany.com\/wp-content\/uploads\/2023\/03\/Mailboxes-1.jpg\" alt=\"Mailboxes\" \/><\/figure><\/a><\/div><div class=\"swiper-slide\" role=\"group\" aria-roledescription=\"slide\" aria-label=\"2 of 10\"><a data-elementor-open-lightbox=\"yes\" data-elementor-lightbox-slideshow=\"26acace6\" data-elementor-lightbox-title=\"Mailbox - RAL 7016\" data-e-action-hash=\"#elementor-action%3Aaction%3Dlightbox%26settings%3DeyJpZCI6NDQzLCJ1cmwiOiJodHRwczpcL1wvc3RhbmNlcmFqbmV3Y29tcGFueS5jb21cL3dwLWNvbnRlbnRcL3VwbG9hZHNcLzIwMjNcLzAzXC9NYWlsYm94ZXMtMi5qcGciLCJzbGlkZXNob3ciOiIyNmFjYWNlNiJ9\" href=\"https:\/\/stancerajnewcompany.com\/wp-content\/uploads\/2023\/03\/Mailboxes-2.jpg\"><figure class=\"swiper-slide-inner\"><img decoding=\"async\" class=\"swiper-slide-image\" src=\"https:\/\/stancerajnewcompany.com\/wp-content\/uploads\/2023\/03\/Mailboxes-2.jpg\" alt=\"Mailboxes\" \/><\/figure><\/a><\/div><div class=\"swiper-slide\" role=\"group\" aria-roledescription=\"slide\" aria-label=\"3 of 10\"><a data-elementor-open-lightbox=\"yes\" data-elementor-lightbox-slideshow=\"26acace6\" data-elementor-lightbox-title=\"Mailbox - RAL 7032\" data-e-action-hash=\"#elementor-action%3Aaction%3Dlightbox%26settings%3DeyJpZCI6NDQ0LCJ1cmwiOiJodHRwczpcL1wvc3RhbmNlcmFqbmV3Y29tcGFueS5jb21cL3dwLWNvbnRlbnRcL3VwbG9hZHNcLzIwMjNcLzAzXC9NYWlsYm94ZXMtMy5qcGciLCJzbGlkZXNob3ciOiIyNmFjYWNlNiJ9\" href=\"https:\/\/stancerajnewcompany.com\/wp-content\/uploads\/2023\/03\/Mailboxes-3.jpg\"><figure class=\"swiper-slide-inner\"><img decoding=\"async\" class=\"swiper-slide-image\" src=\"https:\/\/stancerajnewcompany.com\/wp-content\/uploads\/2023\/03\/Mailboxes-3.jpg\" alt=\"Mailboxes\" \/><\/figure><\/a><\/div><div class=\"swiper-slide\" role=\"group\" aria-roledescription=\"slide\" aria-label=\"4 of 10\"><a data-elementor-open-lightbox=\"yes\" data-elementor-lightbox-slideshow=\"26acace6\" data-elementor-lightbox-title=\"Mailbox - RAL 7032\" data-e-action-hash=\"#elementor-action%3Aaction%3Dlightbox%26settings%3DeyJpZCI6NDQ1LCJ1cmwiOiJodHRwczpcL1wvc3RhbmNlcmFqbmV3Y29tcGFueS5jb21cL3dwLWNvbnRlbnRcL3VwbG9hZHNcLzIwMjNcLzAzXC9NYWlsYm94ZXMtNC5qcGciLCJzbGlkZXNob3ciOiIyNmFjYWNlNiJ9\" href=\"https:\/\/stancerajnewcompany.com\/wp-content\/uploads\/2023\/03\/Mailboxes-4.jpg\"><figure class=\"swiper-slide-inner\"><img decoding=\"async\" class=\"swiper-slide-image\" src=\"https:\/\/stancerajnewcompany.com\/wp-content\/uploads\/2023\/03\/Mailboxes-4.jpg\" alt=\"Mailboxes\" \/><\/figure><\/a><\/div><div class=\"swiper-slide\" role=\"group\" aria-roledescription=\"slide\" aria-label=\"5 of 10\"><a data-elementor-open-lightbox=\"yes\" data-elementor-lightbox-slideshow=\"26acace6\" data-elementor-lightbox-title=\"Mailbox 1\/1\" data-e-action-hash=\"#elementor-action%3Aaction%3Dlightbox%26settings%3DeyJpZCI6NDQ2LCJ1cmwiOiJodHRwczpcL1wvc3RhbmNlcmFqbmV3Y29tcGFueS5jb21cL3dwLWNvbnRlbnRcL3VwbG9hZHNcLzIwMjNcLzAzXC9NYWlsYm94ZXMtNS5qcGciLCJzbGlkZXNob3ciOiIyNmFjYWNlNiJ9\" href=\"https:\/\/stancerajnewcompany.com\/wp-content\/uploads\/2023\/03\/Mailboxes-5.jpg\"><figure class=\"swiper-slide-inner\"><img decoding=\"async\" class=\"swiper-slide-image\" src=\"https:\/\/stancerajnewcompany.com\/wp-content\/uploads\/2023\/03\/Mailboxes-5.jpg\" alt=\"Mailboxes\" \/><\/figure><\/a><\/div><div class=\"swiper-slide\" role=\"group\" aria-roledescription=\"slide\" aria-label=\"6 of 10\"><a data-elementor-open-lightbox=\"yes\" data-elementor-lightbox-slideshow=\"26acace6\" data-elementor-lightbox-title=\"Mailbox 2\/1\" data-e-action-hash=\"#elementor-action%3Aaction%3Dlightbox%26settings%3DeyJpZCI6NDQ3LCJ1cmwiOiJodHRwczpcL1wvc3RhbmNlcmFqbmV3Y29tcGFueS5jb21cL3dwLWNvbnRlbnRcL3VwbG9hZHNcLzIwMjNcLzAzXC9NYWlsYm94ZXMtNi5qcGciLCJzbGlkZXNob3ciOiIyNmFjYWNlNiJ9\" href=\"https:\/\/stancerajnewcompany.com\/wp-content\/uploads\/2023\/03\/Mailboxes-6.jpg\"><figure class=\"swiper-slide-inner\"><img decoding=\"async\" class=\"swiper-slide-image\" src=\"https:\/\/stancerajnewcompany.com\/wp-content\/uploads\/2023\/03\/Mailboxes-6.jpg\" alt=\"Mailboxes\" \/><\/figure><\/a><\/div><div class=\"swiper-slide\" role=\"group\" aria-roledescription=\"slide\" aria-label=\"7 of 10\"><a data-elementor-open-lightbox=\"yes\" data-elementor-lightbox-slideshow=\"26acace6\" data-elementor-lightbox-title=\"Mailbox 3\/1\" data-e-action-hash=\"#elementor-action%3Aaction%3Dlightbox%26settings%3DeyJpZCI6NDQ4LCJ1cmwiOiJodHRwczpcL1wvc3RhbmNlcmFqbmV3Y29tcGFueS5jb21cL3dwLWNvbnRlbnRcL3VwbG9hZHNcLzIwMjNcLzAzXC9NYWlsYm94ZXMtNy5qcGciLCJzbGlkZXNob3ciOiIyNmFjYWNlNiJ9\" href=\"https:\/\/stancerajnewcompany.com\/wp-content\/uploads\/2023\/03\/Mailboxes-7.jpg\"><figure class=\"swiper-slide-inner\"><img decoding=\"async\" class=\"swiper-slide-image\" src=\"https:\/\/stancerajnewcompany.com\/wp-content\/uploads\/2023\/03\/Mailboxes-7.jpg\" alt=\"Mailboxes\" \/><\/figure><\/a><\/div><div class=\"swiper-slide\" role=\"group\" aria-roledescription=\"slide\" aria-label=\"8 of 10\"><a data-elementor-open-lightbox=\"yes\" data-elementor-lightbox-slideshow=\"26acace6\" data-elementor-lightbox-title=\"Mailbox 4\/1\" data-e-action-hash=\"#elementor-action%3Aaction%3Dlightbox%26settings%3DeyJpZCI6NDQ5LCJ1cmwiOiJodHRwczpcL1wvc3RhbmNlcmFqbmV3Y29tcGFueS5jb21cL3dwLWNvbnRlbnRcL3VwbG9hZHNcLzIwMjNcLzAzXC9NYWlsYm94ZXMtOC5qcGciLCJzbGlkZXNob3ciOiIyNmFjYWNlNiJ9\" href=\"https:\/\/stancerajnewcompany.com\/wp-content\/uploads\/2023\/03\/Mailboxes-8.jpg\"><figure class=\"swiper-slide-inner\"><img decoding=\"async\" class=\"swiper-slide-image\" src=\"https:\/\/stancerajnewcompany.com\/wp-content\/uploads\/2023\/03\/Mailboxes-8.jpg\" alt=\"Mailboxes\" \/><\/figure><\/a><\/div><div class=\"swiper-slide\" role=\"group\" aria-roledescription=\"slide\" aria-label=\"9 of 10\"><a data-elementor-open-lightbox=\"yes\" data-elementor-lightbox-slideshow=\"26acace6\" data-elementor-lightbox-title=\"Mailbox 5\/1\" data-e-action-hash=\"#elementor-action%3Aaction%3Dlightbox%26settings%3DeyJpZCI6NDUwLCJ1cmwiOiJodHRwczpcL1wvc3RhbmNlcmFqbmV3Y29tcGFueS5jb21cL3dwLWNvbnRlbnRcL3VwbG9hZHNcLzIwMjNcLzAzXC9NYWlsYm94ZXMtOS5qcGciLCJzbGlkZXNob3ciOiIyNmFjYWNlNiJ9\" href=\"https:\/\/stancerajnewcompany.com\/wp-content\/uploads\/2023\/03\/Mailboxes-9.jpg\"><figure class=\"swiper-slide-inner\"><img decoding=\"async\" class=\"swiper-slide-image\" src=\"https:\/\/stancerajnewcompany.com\/wp-content\/uploads\/2023\/03\/Mailboxes-9.jpg\" alt=\"Mailboxes\" \/><\/figure><\/a><\/div><div class=\"swiper-slide\" role=\"group\" aria-roledescription=\"slide\" aria-label=\"10 of 10\"><a data-elementor-open-lightbox=\"yes\" data-elementor-lightbox-slideshow=\"26acace6\" data-elementor-lightbox-title=\"Mailbox 6\/1\" data-e-action-hash=\"#elementor-action%3Aaction%3Dlightbox%26settings%3DeyJpZCI6NDUxLCJ1cmwiOiJodHRwczpcL1wvc3RhbmNlcmFqbmV3Y29tcGFueS5jb21cL3dwLWNvbnRlbnRcL3VwbG9hZHNcLzIwMjNcLzAzXC9NYWlsYm94ZXMtMTAuanBnIiwic2xpZGVzaG93IjoiMjZhY2FjZTYifQ%3D%3D\" href=\"https:\/\/stancerajnewcompany.com\/wp-content\/uploads\/2023\/03\/Mailboxes-10.jpg\"><figure class=\"swiper-slide-inner\"><img decoding=\"async\" class=\"swiper-slide-image\" src=\"https:\/\/stancerajnewcompany.com\/wp-content\/uploads\/2023\/03\/Mailboxes-10.jpg\" alt=\"Mailboxes\" \/><\/figure><\/a><\/div>\t\t\t<\/div>\n\t\t\t\t\t\t\t\t\t\t\t\t<div class=\"elementor-swiper-button elementor-swiper-button-prev\" role=\"button\" tabindex=\"0\">\n\t\t\t\t\t\t<i aria-hidden=\"true\" class=\"eicon-chevron-left\"><\/i>\t\t\t\t\t<\/div>\n\t\t\t\t\t<div class=\"elementor-swiper-button elementor-swiper-button-next\" role=\"button\" tabindex=\"0\">\n\t\t\t\t\t\t<i aria-hidden=\"true\" class=\"eicon-chevron-right\"><\/i>\t\t\t\t\t<\/div>\n\t\t\t\t\n\t\t\t\t\t\t\t\t\t<div class=\"swiper-pagination\"><\/div>\n\t\t\t\t\t\t\t\t\t<\/div>\n\t\t\t\t<\/div>\n\t\t\t\t<\/div>\n\t\t<div class=\"elementor-element elementor-element-79bbc890 e-con-full e-flex e-con e-child\" data-id=\"79bbc890\" data-element_type=\"container\">\n\t\t\t\t<div class=\"elementor-element elementor-element-4015d5e1 elementor-widget elementor-widget-heading\" data-id=\"4015d5e1\" data-element_type=\"widget\" data-widget_type=\"heading.default\">\n\t\t\t\t<div class=\"elementor-widget-container\">\n\t\t\t<style>\/*! elementor - v3.22.0 - 26-06-2024 *\/\n.elementor-heading-title{padding:0;margin:0;line-height:1}.elementor-widget-heading .elementor-heading-title[class*=elementor-size-]>a{color:inherit;font-size:inherit;line-height:inherit}.elementor-widget-heading .elementor-heading-title.elementor-size-small{font-size:15px}.elementor-widget-heading .elementor-heading-title.elementor-size-medium{font-size:19px}.elementor-widget-heading .elementor-heading-title.elementor-size-large{font-size:29px}.elementor-widget-heading .elementor-heading-title.elementor-size-xl{font-size:39px}.elementor-widget-heading .elementor-heading-title.elementor-size-xxl{font-size:59px}<\/style><h2 class=\"elementor-heading-title elementor-size-default\">Mailboxes<\/h2>\t\t<\/div>\n\t\t\t\t<\/div>\n\t\t\t\t<div class=\"elementor-element elementor-element-67030854 elementor-widget elementor-widget-text-editor\" data-id=\"67030854\" data-element_type=\"widget\" data-widget_type=\"text-editor.default\">\n\t\t\t\t<div class=\"elementor-widget-container\">\n\t\t\t<style>\/*! elementor - v3.22.0 - 26-06-2024 *\/\n.elementor-widget-text-editor.elementor-drop-cap-view-stacked .elementor-drop-cap{background-color:#69727d;color:#fff}.elementor-widget-text-editor.elementor-drop-cap-view-framed .elementor-drop-cap{color:#69727d;border:3px solid;background-color:transparent}.elementor-widget-text-editor:not(.elementor-drop-cap-view-default) .elementor-drop-cap{margin-top:8px}.elementor-widget-text-editor:not(.elementor-drop-cap-view-default) .elementor-drop-cap-letter{width:1em;height:1em}.elementor-widget-text-editor .elementor-drop-cap{float:left;text-align:center;line-height:1;font-size:50px}.elementor-widget-text-editor .elementor-drop-cap-letter{display:inline-block}<\/style>\t\t\t\t<ul style=\"margin-left: 20px; margin-bottom: 0px;\">\n \t<li style=\"margin-bottom: 16px;\">Vertical mailboxes for residential and commercial buildings.<\/li>\n \t<li style=\"margin-bottom: 16px;\">Available with one to six compartments in a row.<\/li>\n \t<li style=\"margin-bottom: 16px;\">Each compartment has the original \u201cEMKA\u201d cylinder lock with two keys.<\/li>\n \t<li style=\"margin-bottom: 16px;\">The compartment door has a clear plastic card holder.<\/li>\n \t<li style=\"margin-bottom: 16px;\">Incoming mail slots have spring-loaded flaps that prevent unauthorized mail retrieval.<\/li>\n \t<li>Easy wall mounting with the possibility of connecting mailboxes.<\/li>\n<\/ul>\t\t\t\t\t\t<\/div>\n\t\t\t\t<\/div>\n\t\t\t\t<div class=\"elementor-element elementor-element-22740a5b elementor-widget-divider--view-line elementor-widget elementor-widget-divider\" data-id=\"22740a5b\" data-element_type=\"widget\" data-widget_type=\"divider.default\">\n\t\t\t\t<div class=\"elementor-widget-container\">\n\t\t\t<style>\/*! elementor - v3.22.0 - 26-06-2024 *\/\n.elementor-widget-divider{--divider-border-style:none;--divider-border-width:1px;--divider-color:#0c0d0e;--divider-icon-size:20px;--divider-element-spacing:10px;--divider-pattern-height:24px;--divider-pattern-size:20px;--divider-pattern-url:none;--divider-pattern-repeat:repeat-x}.elementor-widget-divider .elementor-divider{display:flex}.elementor-widget-divider .elementor-divider__text{font-size:15px;line-height:1;max-width:95%}.elementor-widget-divider .elementor-divider__element{margin:0 var(--divider-element-spacing);flex-shrink:0}.elementor-widget-divider .elementor-icon{font-size:var(--divider-icon-size)}.elementor-widget-divider .elementor-divider-separator{display:flex;margin:0;direction:ltr}.elementor-widget-divider--view-line_icon .elementor-divider-separator,.elementor-widget-divider--view-line_text .elementor-divider-separator{align-items:center}.elementor-widget-divider--view-line_icon .elementor-divider-separator:after,.elementor-widget-divider--view-line_icon .elementor-divider-separator:before,.elementor-widget-divider--view-line_text .elementor-divider-separator:after,.elementor-widget-divider--view-line_text .elementor-divider-separator:before{display:block;content:\"\";border-block-end:0;flex-grow:1;border-block-start:var(--divider-border-width) var(--divider-border-style) var(--divider-color)}.elementor-widget-divider--element-align-left .elementor-divider .elementor-divider-separator>.elementor-divider__svg:first-of-type{flex-grow:0;flex-shrink:100}.elementor-widget-divider--element-align-left .elementor-divider-separator:before{content:none}.elementor-widget-divider--element-align-left .elementor-divider__element{margin-left:0}.elementor-widget-divider--element-align-right .elementor-divider .elementor-divider-separator>.elementor-divider__svg:last-of-type{flex-grow:0;flex-shrink:100}.elementor-widget-divider--element-align-right .elementor-divider-separator:after{content:none}.elementor-widget-divider--element-align-right .elementor-divider__element{margin-right:0}.elementor-widget-divider--element-align-start .elementor-divider .elementor-divider-separator>.elementor-divider__svg:first-of-type{flex-grow:0;flex-shrink:100}.elementor-widget-divider--element-align-start .elementor-divider-separator:before{content:none}.elementor-widget-divider--element-align-start .elementor-divider__element{margin-inline-start:0}.elementor-widget-divider--element-align-end .elementor-divider .elementor-divider-separator>.elementor-divider__svg:last-of-type{flex-grow:0;flex-shrink:100}.elementor-widget-divider--element-align-end .elementor-divider-separator:after{content:none}.elementor-widget-divider--element-align-end .elementor-divider__element{margin-inline-end:0}.elementor-widget-divider:not(.elementor-widget-divider--view-line_text):not(.elementor-widget-divider--view-line_icon) .elementor-divider-separator{border-block-start:var(--divider-border-width) var(--divider-border-style) var(--divider-color)}.elementor-widget-divider--separator-type-pattern{--divider-border-style:none}.elementor-widget-divider--separator-type-pattern.elementor-widget-divider--view-line .elementor-divider-separator,.elementor-widget-divider--separator-type-pattern:not(.elementor-widget-divider--view-line) .elementor-divider-separator:after,.elementor-widget-divider--separator-type-pattern:not(.elementor-widget-divider--view-line) .elementor-divider-separator:before,.elementor-widget-divider--separator-type-pattern:not([class*=elementor-widget-divider--view]) .elementor-divider-separator{width:100%;min-height:var(--divider-pattern-height);-webkit-mask-size:var(--divider-pattern-size) 100%;mask-size:var(--divider-pattern-size) 100%;-webkit-mask-repeat:var(--divider-pattern-repeat);mask-repeat:var(--divider-pattern-repeat);background-color:var(--divider-color);-webkit-mask-image:var(--divider-pattern-url);mask-image:var(--divider-pattern-url)}.elementor-widget-divider--no-spacing{--divider-pattern-size:auto}.elementor-widget-divider--bg-round{--divider-pattern-repeat:round}.rtl .elementor-widget-divider .elementor-divider__text{direction:rtl}.e-con-inner>.elementor-widget-divider,.e-con>.elementor-widget-divider{width:var(--container-widget-width,100%);--flex-grow:var(--container-widget-flex-grow)}<\/style>\t\t<div class=\"elementor-divider\">\n\t\t\t<span class=\"elementor-divider-separator\">\n\t\t\t\t\t\t<\/span>\n\t\t<\/div>\n\t\t\t\t<\/div>\n\t\t\t\t<\/div>\n\t\t\t\t<div class=\"elementor-element elementor-element-7cc21cc0 elementor-widget elementor-widget-button\" data-id=\"7cc21cc0\" data-element_type=\"widget\" data-widget_type=\"button.default\">\n\t\t\t\t<div class=\"elementor-widget-container\">\n\t\t\t\t\t<div class=\"elementor-button-wrapper\">\n\t\t\t<a class=\"elementor-button elementor-button-link elementor-size-sm\" href=\"https:\/\/stancerajnewcompany.com\/contact\/\">\n\t\t\t\t\t\t<span class=\"elementor-button-content-wrapper\">\n\t\t\t\t\t\t\t\t\t<span class=\"elementor-button-text\">Send a request<\/span>\n\t\t\t\t\t<\/span>\n\t\t\t\t\t<\/a>\n\t\t<\/div>\n\t\t\t\t<\/div>\n\t\t\t\t<\/div>\n\t\t\t\t<\/div>\n\t\t\t\t\t<\/div>\n\t\t\t\t<\/div>\n\t\t<div class=\"elementor-element elementor-element-630a5bea e-flex e-con-boxed e-con e-parent\" data-id=\"630a5bea\" data-element_type=\"container\">\n\t\t\t\t\t<div class=\"e-con-inner\">\n\t\t\t\t<div class=\"elementor-element elementor-element-7bf32258 elementor-widget elementor-widget-heading\" data-id=\"7bf32258\" data-element_type=\"widget\" data-widget_type=\"heading.default\">\n\t\t\t\t<div class=\"elementor-widget-container\">\n\t\t\t<h3 class=\"elementor-heading-title elementor-size-default\">Types of mailboxes<\/h3>\t\t<\/div>\n\t\t\t\t<\/div>\n\t\t\t\t<div class=\"elementor-element elementor-element-6e3abbfc elementor-widget__width-inherit elementor-widget elementor-widget-text-editor\" data-id=\"6e3abbfc\" data-element_type=\"widget\" data-widget_type=\"text-editor.default\">\n\t\t\t\t<div class=\"elementor-widget-container\">\n\t\t\t\t\t\t\t<table>\n<tbody>\n<tr>\n<th style=\"width: 25%;\">Type<\/th>\n<th style=\"width: 25%;\">Height<\/th>\n<th style=\"width: 25%;\">Width<\/th>\n<th style=\"width: 25%;\">Depth<\/th>\n<\/tr>\n<tr>\n<th>1\/1<\/th>\n<td>409,5 mm<\/td>\n<td>126,5 mm<\/td>\n<td>201,5 mm<\/td>\n<\/tr>\n<tr>\n<th>2\/1<\/th>\n<td>409,5 mm<\/td>\n<td>214,5 mm<\/td>\n<td>201,5 mm<\/td>\n<\/tr>\n<tr>\n<th>3\/1<\/th>\n<td>409,5 mm<\/td>\n<td>301,5 mm<\/td>\n<td>201,5 mm<\/td>\n<\/tr>\n<tr>\n<th>4\/1<\/th>\n<td>409,5 mm<\/td>\n<td>386,5 mm<\/td>\n<td>201,5 mm<\/td>\n<\/tr>\n<tr>\n<th>5\/1<\/th>\n<td>409,5 mm<\/td>\n<td>471,5 mm<\/td>\n<td>201,5 mm<\/td>\n<\/tr>\n<tr>\n<th>6\/1<\/th>\n<td>409,5 mm<\/td>\n<td>556,5 mm<\/td>\n<td>201,5 mm<\/td>\n<\/tr>\n<\/tbody>\n<\/table>\t\t\t\t\t\t<\/div>\n\t\t\t\t<\/div>\n\t\t\t\t\t<\/div>\n\t\t\t\t<\/div>\n\t\t<div class=\"elementor-element elementor-element-7244cee0 e-flex e-con-boxed e-con e-parent\" data-id=\"7244cee0\" data-element_type=\"container\">\n\t\t\t\t\t<div class=\"e-con-inner\">\n\t\t\t\t<div class=\"elementor-element elementor-element-e30ab6e elementor-widget elementor-widget-heading\" data-id=\"e30ab6e\" data-element_type=\"widget\" data-widget_type=\"heading.default\">\n\t\t\t\t<div class=\"elementor-widget-container\">\n\t\t\t<h3 class=\"elementor-heading-title elementor-size-default\">Specifications<\/h3>\t\t<\/div>\n\t\t\t\t<\/div>\n\t\t\t\t<div class=\"elementor-element elementor-element-2bb071df elementor-widget__width-inherit elementor-widget elementor-widget-text-editor\" data-id=\"2bb071df\" data-element_type=\"widget\" data-widget_type=\"text-editor.default\">\n\t\t\t\t<div class=\"elementor-widget-container\">\n\t\t\t\t\t\t\t<table>\n<tbody>\n<tr>\n<th style=\"width: 50%;\">Material:<\/th>\n<td>Cold rolled sheet metal<\/td>\n<\/tr>\n<tr>\n<th>Material thickness:<\/th>\n<td>0,8 mm<\/td>\n<\/tr>\n<tr>\n<th>Pretreatment:<\/th>\n<td>Phosphating<\/td>\n<\/tr>\n<tr>\n<th>Surface protection:<\/th>\n<td>Powder coating<\/td>\n<\/tr>\n<tr>\n<th rowspan=\"2\">Color:<\/th>\n<td style=\"border-bottom: none;\"><img decoding=\"async\" style=\"padding-right: 8px;\" src=\"https:\/\/stancerajnewcompany.com\/wp-content\/uploads\/2023\/03\/RAL-7016.svg\" \/>RAL 7016<\/td>\n<\/tr>\n<tr>\n<td style=\"padding-top: 0px;\"><img decoding=\"async\" style=\"padding-right: 8px;\" src=\"https:\/\/stancerajnewcompany.com\/wp-content\/uploads\/2023\/03\/RAL-7032.svg\" \/>RAL 7032<\/td>\n<\/tr>\n<tr>\n<th>Delivery:<\/th>\n<td>Assembled<\/td>\n<\/tr>\n<\/tbody>\n<\/table>\t\t\t\t\t\t<\/div>\n\t\t\t\t<\/div>\n\t\t\t\t\t<\/div>\n\t\t\t\t<\/div>\n\t\t\t\t<\/div>\n\t\t","protected":false},"excerpt":{"rendered":"<p>Previous Next Mailboxes Vertical mailboxes for residential and commercial buildings. Available with one to six compartments in a row. Each compartment has the original \u201cEMKA\u201d cylinder lock with two keys. The compartment door has a clear plastic card holder. Incoming mail slots have spring-loaded flaps that prevent unauthorized mail retrieval. Easy wall mounting with the [&hellip;]<\/p>\n","protected":false},"author":1,"featured_media":0,"parent":70,"menu_order":0,"comment_status":"closed","ping_status":"closed","template":"","meta":{"inline_featured_image":false,"site-sidebar-layout":"no-sidebar","site-content-layout":"page-builder","ast-site-content-layout":"default","site-content-style":"default","site-sidebar-style":"default","ast-global-header-display":"","ast-banner-title-visibility":"","ast-main-header-display":"","ast-hfb-above-header-display":"","ast-hfb-below-header-display":"","ast-hfb-mobile-header-display":"","site-post-title":"disabled","ast-breadcrumbs-content":"","ast-featured-img":"disabled","footer-sml-layout":"","ast-disable-related-posts":"","theme-transparent-header-meta":"","adv-header-id-meta":"","stick-header-meta":"","header-above-stick-meta":"","header-main-stick-meta":"","header-below-stick-meta":"","astra-migrate-meta-layouts":"default","ast-page-background-enabled":"default","ast-page-background-meta":{"desktop":{"background-color":"var(--ast-global-color-4)","background-image":"","background-repeat":"repeat","background-position":"center center","background-size":"auto","background-attachment":"scroll","background-type":"","background-media":"","overlay-type":"","overlay-color":"","overlay-opacity":"","overlay-gradient":""},"tablet":{"background-color":"","background-image":"","background-repeat":"repeat","background-position":"center center","background-size":"auto","background-attachment":"scroll","background-type":"","background-media":"","overlay-type":"","overlay-color":"","overlay-opacity":"","overlay-gradient":""},"mobile":{"background-color":"","background-image":"","background-repeat":"repeat","background-position":"center center","background-size":"auto","background-attachment":"scroll","background-type":"","background-media":"","overlay-type":"","overlay-color":"","overlay-opacity":"","overlay-gradient":""}},"ast-content-background-meta":{"desktop":{"background-color":"var(--ast-global-color-5)","background-image":"","background-repeat":"repeat","background-position":"center center","background-size":"auto","background-attachment":"scroll","background-type":"","background-media":"","overlay-type":"","overlay-color":"","overlay-opacity":"","overlay-gradient":""},"tablet":{"background-color":"var(--ast-global-color-5)","background-image":"","background-repeat":"repeat","background-position":"center center","background-size":"auto","background-attachment":"scroll","background-type":"","background-media":"","overlay-type":"","overlay-color":"","overlay-opacity":"","overlay-gradient":""},"mobile":{"background-color":"var(--ast-global-color-5)","background-image":"","background-repeat":"repeat","background-position":"center center","background-size":"auto","background-attachment":"scroll","background-type":"","background-media":"","overlay-type":"","overlay-color":"","overlay-opacity":"","overlay-gradient":""}},"footnotes":""},"class_list":["post-84","page","type-page","status-publish","hentry"],"_links":{"self":[{"href":"https:\/\/stancerajnewcompany.com\/bs\/wp-json\/wp\/v2\/pages\/84","targetHints":{"allow":["GET"]}}],"collection":[{"href":"https:\/\/stancerajnewcompany.com\/bs\/wp-json\/wp\/v2\/pages"}],"about":[{"href":"https:\/\/stancerajnewcompany.com\/bs\/wp-json\/wp\/v2\/types\/page"}],"author":[{"embeddable":true,"href":"https:\/\/stancerajnewcompany.com\/bs\/wp-json\/wp\/v2\/users\/1"}],"replies":[{"embeddable":true,"href":"https:\/\/stancerajnewcompany.com\/bs\/wp-json\/wp\/v2\/comments?post=84"}],"version-history":[{"count":7,"href":"https:\/\/stancerajnewcompany.com\/bs\/wp-json\/wp\/v2\/pages\/84\/revisions"}],"predecessor-version":[{"id":583,"href":"https:\/\/stancerajnewcompany.com\/bs\/wp-json\/wp\/v2\/pages\/84\/revisions\/583"}],"up":[{"embeddable":true,"href":"https:\/\/stancerajnewcompany.com\/bs\/wp-json\/wp\/v2\/pages\/70"}],"wp:attachment":[{"href":"https:\/\/stancerajnewcompany.com\/bs\/wp-json\/wp\/v2\/media?parent=84"}],"curies":[{"name":"wp","href":"https:\/\/api.w.org\/{rel}","templated":true}]}}